{"id":100,"date":"2017-06-02T18:05:58","date_gmt":"2017-06-02T16:05:58","guid":{"rendered":"http:\/\/10.0.1.130\/freiwillige-feuerwehr-delingsdorf\/?page_id=100"},"modified":"2022-06-14T15:37:32","modified_gmt":"2022-06-14T13:37:32","slug":"fahrzeuge","status":"publish","type":"page","link":"https:\/\/www.feuerwehrdelingsdorf.de\/?page_id=100","title":{"rendered":"Technik"},"content":{"rendered":"<hr \/>\n<p>Der Freiwillige Feuerwehr Delingsdorf stehen drei Fahrzeuge zur Verf\u00fcgung. Alle Fahrzeuge sind an der Wache Schulstra\u00dfe untergebracht.<\/p>\n<p><center><\/p>\n<p><a href=\"\/freiwillige-feuerwehr-delingsdorf\/?page_id=126\"><img loading=\"lazy\" decoding=\"async\" class=\"alignnone wp-image-835 size-full\" src=\"http:\/\/www.feuerwehrdelingsdorf.de\/wp-content\/uploads\/2018\/04\/MTF-vorne-e1524498953734.jpg\" alt=\"\" width=\"850\" height=\"567\" srcset=\"https:\/\/www.feuerwehrdelingsdorf.de\/wp-content\/uploads\/2018\/04\/MTF-vorne-e1524498953734.jpg 850w, https:\/\/www.feuerwehrdelingsdorf.de\/wp-content\/uploads\/2018\/04\/MTF-vorne-e1524498953734-300x200.jpg 300w, https:\/\/www.feuerwehrdelingsdorf.de\/wp-content\/uploads\/2018\/04\/MTF-vorne-e1524498953734-768x512.jpg 768w\" sizes=\"auto, (max-width: 850px) 100vw, 850px\" \/><\/a><br \/>\n<em>Mannschaftstransportfahrzeug (MTF)<\/em><\/p>\n<p><a href=\"\/freiwillige-feuerwehr-delingsdorf\/?page_id=130\"><img loading=\"lazy\" decoding=\"async\" class=\"alignnone wp-image-203 size-full\" src=\"http:\/\/www.feuerwehrdelingsdorf.de\/wp-content\/uploads\/2017\/06\/LF-10--e1497017398418.jpg\" alt=\"\" width=\"850\" height=\"567\" srcset=\"https:\/\/www.feuerwehrdelingsdorf.de\/wp-content\/uploads\/2017\/06\/LF-10--e1497017398418.jpg 850w, https:\/\/www.feuerwehrdelingsdorf.de\/wp-content\/uploads\/2017\/06\/LF-10--e1497017398418-300x200.jpg 300w, https:\/\/www.feuerwehrdelingsdorf.de\/wp-content\/uploads\/2017\/06\/LF-10--e1497017398418-768x512.jpg 768w\" sizes=\"auto, (max-width: 850px) 100vw, 850px\" \/><\/a><br \/>\n<em>L\u00f6schgruppenfahrzeug (LF 10)<\/em><\/p>\n<p><a href=\"\/freiwillige-feuerwehr-delingsdorf\/?page_id=128\"><img loading=\"lazy\" decoding=\"async\" class=\"alignnone wp-image-202 size-full\" src=\"http:\/\/www.feuerwehrdelingsdorf.de\/wp-content\/uploads\/2017\/06\/LF-8-e1497017421745.jpg\" alt=\"\" width=\"850\" height=\"567\" srcset=\"https:\/\/www.feuerwehrdelingsdorf.de\/wp-content\/uploads\/2017\/06\/LF-8-e1497017421745.jpg 850w, https:\/\/www.feuerwehrdelingsdorf.de\/wp-content\/uploads\/2017\/06\/LF-8-e1497017421745-300x200.jpg 300w, https:\/\/www.feuerwehrdelingsdorf.de\/wp-content\/uploads\/2017\/06\/LF-8-e1497017421745-768x512.jpg 768w\" sizes=\"auto, (max-width: 850px) 100vw, 850px\" \/><\/a><br \/>\n<em>L\u00f6schgruppenfahrzeug (LF 8)<\/em><\/p>\n<p><\/center><\/p>\n","protected":false},"excerpt":{"rendered":"<p>Der Freiwillige Feuerwehr Delingsdorf stehen drei Fahrzeuge zur Verf\u00fcgung. Alle Fahrzeuge sind an der Wache Schulstra\u00dfe untergebracht. Mannschaftstransportfahrzeug (MTF) L\u00f6schgruppenfahrzeug (LF 10) L\u00f6schgruppenfahrzeug (LF 8)<\/p>\n","protected":false},"author":1,"featured_media":195,"parent":0,"menu_order":2,"comment_status":"closed","ping_status":"closed","template":"","meta":{"footnotes":""},"class_list":["post-100","page","type-page","status-publish","has-post-thumbnail","hentry"],"jetpack_sharing_enabled":true,"_links":{"self":[{"href":"https:\/\/www.feuerwehrdelingsdorf.de\/index.php?rest_route=\/wp\/v2\/pages\/100","targetHints":{"allow":["GET"]}}],"collection":[{"href":"https:\/\/www.feuerwehrdelingsdorf.de\/index.php?rest_route=\/wp\/v2\/pages"}],"about":[{"href":"https:\/\/www.feuerwehrdelingsdorf.de\/index.php?rest_route=\/wp\/v2\/types\/page"}],"author":[{"embeddable":true,"href":"https:\/\/www.feuerwehrdelingsdorf.de\/index.php?rest_route=\/wp\/v2\/users\/1"}],"replies":[{"embeddable":true,"href":"https:\/\/www.feuerwehrdelingsdorf.de\/index.php?rest_route=%2Fwp%2Fv2%2Fcomments&post=100"}],"version-history":[{"count":29,"href":"https:\/\/www.feuerwehrdelingsdorf.de\/index.php?rest_route=\/wp\/v2\/pages\/100\/revisions"}],"predecessor-version":[{"id":914,"href":"https:\/\/www.feuerwehrdelingsdorf.de\/index.php?rest_route=\/wp\/v2\/pages\/100\/revisions\/914"}],"wp:featuredmedia":[{"embeddable":true,"href":"https:\/\/www.feuerwehrdelingsdorf.de\/index.php?rest_route=\/wp\/v2\/media\/195"}],"wp:attachment":[{"href":"https:\/\/www.feuerwehrdelingsdorf.de\/index.php?rest_route=%2Fwp%2Fv2%2Fmedia&parent=100"}],"curies":[{"name":"wp","href":"https:\/\/api.w.org\/{rel}","templated":true}]}}