{"id":124,"date":"2017-06-02T18:08:11","date_gmt":"2017-06-02T16:08:11","guid":{"rendered":"http:\/\/10.0.1.130\/freiwillige-feuerwehr-delingsdorf\/?page_id=124"},"modified":"2022-06-14T12:51:39","modified_gmt":"2022-06-14T10:51:39","slug":"partner-der-feuerwehr","status":"publish","type":"page","link":"https:\/\/www.feuerwehrdelingsdorf.de\/?page_id=124","title":{"rendered":"Partner der Feuerwehr"},"content":{"rendered":"<hr \/>\n<p>Jeder Feuerwehrmann geht seiner Arbeit nach um sich und seine Familie zu Ern\u00e4hren. Ein Notfall h\u00e4lt sich nicht an unsere Arbeitszeiten. In der heutigen Arbeitswelt ist es nicht selbstverst\u00e4ndlich, das Kameraden bei der Alarmierung und im Einsatz sofort auf der Arbeit fehlen k\u00f6nnen, denn wir machen die Arbeit bei der Freiwilligen Feuerwehr Ehrenamtlich! Verl\u00e4sst ein Arbeiter Seine Arbeitsstelle, verliert Er und die Firma Geld!<\/p>\n<p><center><img loading=\"lazy\" decoding=\"async\" class=\"alignnone wp-image-221 size-medium\" src=\"http:\/\/www.feuerwehrdelingsdorf.de\/wp-content\/uploads\/2017\/06\/partner_der_feuerwehr-e1497018420583-213x300.gif\" alt=\"\" width=\"213\" height=\"300\" \/><\/center><\/p>\n<p>Die Auszeichnung &#8222;Partner der Feuerwehr&#8220; dankt die Firmen, die ohne zu z\u00f6gern die Arbeit der Freiwilligen Feuerwehr auch unter Inkaufnahme eigener Nachteile unterst\u00fctzen. Wir danken hiermit den Firmen in Delingsdorf f\u00fcr Ihre Unterst\u00fctzung. Ausgezeichnete Firmen in Delingsdorf durch den Deutschen Feuerwehrverband:<\/p>\n<p><center><img loading=\"lazy\" decoding=\"async\" class=\"alignnone wp-image-159 size-full\" src=\"http:\/\/www.feuerwehrdelingsdorf.de\/wp-content\/uploads\/2017\/06\/glantz_logo240180100-e1497018268883.jpg\" alt=\"\" width=\"188\" height=\"180\" \/><\/center><\/p>\n","protected":false},"excerpt":{"rendered":"<p>Jeder Feuerwehrmann geht seiner Arbeit nach um sich und seine Familie zu Ern\u00e4hren. Ein Notfall h\u00e4lt sich nicht an unsere Arbeitszeiten. In der heutigen Arbeitswelt ist es nicht selbstverst\u00e4ndlich, das Kameraden bei der Alarmierung und im Einsatz sofort auf der Arbeit fehlen k\u00f6nnen, denn wir machen die Arbeit bei der Freiwilligen Feuerwehr Ehrenamtlich! Verl\u00e4sst ein &hellip; <a href=\"https:\/\/www.feuerwehrdelingsdorf.de\/?page_id=124\" class=\"more-link\"><span class=\"screen-reader-text\">Partner der Feuerwehr<\/span> weiterlesen <span class=\"meta-nav\">&rarr;<\/span><\/a><\/p>\n","protected":false},"author":1,"featured_media":225,"parent":46,"menu_order":2,"comment_status":"closed","ping_status":"closed","template":"","meta":{"footnotes":""},"class_list":["post-124","page","type-page","status-publish","has-post-thumbnail","hentry"],"jetpack_sharing_enabled":true,"_links":{"self":[{"href":"https:\/\/www.feuerwehrdelingsdorf.de\/index.php?rest_route=\/wp\/v2\/pages\/124","targetHints":{"allow":["GET"]}}],"collection":[{"href":"https:\/\/www.feuerwehrdelingsdorf.de\/index.php?rest_route=\/wp\/v2\/pages"}],"about":[{"href":"https:\/\/www.feuerwehrdelingsdorf.de\/index.php?rest_route=\/wp\/v2\/types\/page"}],"author":[{"embeddable":true,"href":"https:\/\/www.feuerwehrdelingsdorf.de\/index.php?rest_route=\/wp\/v2\/users\/1"}],"replies":[{"embeddable":true,"href":"https:\/\/www.feuerwehrdelingsdorf.de\/index.php?rest_route=%2Fwp%2Fv2%2Fcomments&post=124"}],"version-history":[{"count":14,"href":"https:\/\/www.feuerwehrdelingsdorf.de\/index.php?rest_route=\/wp\/v2\/pages\/124\/revisions"}],"predecessor-version":[{"id":1035,"href":"https:\/\/www.feuerwehrdelingsdorf.de\/index.php?rest_route=\/wp\/v2\/pages\/124\/revisions\/1035"}],"up":[{"embeddable":true,"href":"https:\/\/www.feuerwehrdelingsdorf.de\/index.php?rest_route=\/wp\/v2\/pages\/46"}],"wp:featuredmedia":[{"embeddable":true,"href":"https:\/\/www.feuerwehrdelingsdorf.de\/index.php?rest_route=\/wp\/v2\/media\/225"}],"wp:attachment":[{"href":"https:\/\/www.feuerwehrdelingsdorf.de\/index.php?rest_route=%2Fwp%2Fv2%2Fmedia&parent=124"}],"curies":[{"name":"wp","href":"https:\/\/api.w.org\/{rel}","templated":true}]}}