{"id":130,"date":"2017-06-02T18:14:09","date_gmt":"2017-06-02T16:14:09","guid":{"rendered":"http:\/\/10.0.1.130\/freiwillige-feuerwehr-delingsdorf\/?page_id=130"},"modified":"2018-03-27T09:26:31","modified_gmt":"2018-03-27T07:26:31","slug":"lf-10-3","status":"publish","type":"page","link":"https:\/\/www.feuerwehrdelingsdorf.de\/?page_id=130","title":{"rendered":"LF 10"},"content":{"rendered":"<hr>\n<p><strong>Funkrufname:<\/strong> Florian Stormarn 64\/48\/1<br \/>\n<strong>Fahrzeughersteller:<\/strong> MAN<br \/>\n<strong>Modell:<\/strong> TGM 13.280 4&#215;4<br \/>\n<strong>Aufbauhersteller: <\/strong>Rosenbauer<br \/>\n<strong>Indienststellung:<\/strong> 2008<br \/>\n<strong>Wassertank:<\/strong> 2.000 Liter\n<\/p>\n<p>Das LF 10 wird als prim\u00e4res Einsatzfahrzeug f\u00fcr die Brandbek\u00e4mpfung und f\u00fcr die technische Hilfe eingesetzt. Neben der Normbeladung hat es noch umfangreiche weitere Ausstattung. <\/p>\n<p>Ausstattung:<\/p>\n<ul>\n<li>Heckpumpe N30<\/li>\n<li>Stromerzeuger<\/li>\n<li>Beleuchtungssatz<\/li>\n<li>Schaummittel 120 l<\/li>\n<li>Hydraulischer Rettungssatz<\/li>\n<li>Motorkettens\u00e4ge<\/li>\n<li>Powermoon<\/li>\n<li>Einpersonen &#8211; Haspel<\/li>\n<li>3-teilige Schiebleiter<\/li>\n<li>Pneumatischer Lichtmast im Aufbau mit 4 Xenon-Scheinwerfern<\/li>\n<li>Spineboard<\/li>\n<li>Schornsteinfeger Werkzeug<\/li>\n<li>Tauchpumpe<\/li>\n<li>Wassersauger<\/li>\n<li>\u00dcberdruckbel\u00fcfter<\/li>\n<li>Pneumatischer Hebesatz<\/li>\n<li>Hydroschild<\/li>\n<li>Gaswarnger\u00e4t<\/li>\n<li>W\u00e4rmebildkamera<\/li>\n<\/ul>\n\r\n\t<div class=\"slideshow_container slideshow_container_style-light\" style=\"height: 300px; \" data-slideshow-id=\"106\" data-style-name=\"style-light\" data-style-version=\"2.3.1\" >\r\n\r\n\t\t\t\t\t<div class=\"slideshow_loading_icon\"><\/div>\r\n\t\t\r\n\t\t<div class=\"slideshow_content\" style=\"display: none;\">\r\n\r\n\t\t\t<div class=\"slideshow_view\">\r\n\t\t\t\t<div class=\"slideshow_slide slideshow_slide_image\">\r\n\t\t\t\t\t\t\t\t\t\t\t<img src=\"https:\/\/www.feuerwehrdelingsdorf.de\/wp-content\/uploads\/2017\/06\/LF-10--e1497017398418.jpg\" alt=\"LF 10\" width=\"850\" height=\"567\" \/>\r\n\t\t\t\t\t\t\t\t\t\t<div class=\"slideshow_description_box slideshow_transparent\">\r\n\t\t\t\t\t\t<div class=\"slideshow_title\">LF 10<\/div>\t\t\t\t\t\t\t\t\t\t\t<\/div>\r\n\t\t\t\t<\/div>\r\n\r\n\t\t\t\t\t\t<div style=\"clear: both;\"><\/div><\/div><div class=\"slideshow_view\">\r\n\t\t\t\t<div class=\"slideshow_slide slideshow_slide_image\">\r\n\t\t\t\t\t\t\t\t\t\t\t<img src=\"https:\/\/www.feuerwehrdelingsdorf.de\/wp-content\/uploads\/2017\/06\/LF-10-offen-e1497077949332.jpg\" alt=\"LF 10 offen\" width=\"850\" height=\"567\" \/>\r\n\t\t\t\t\t\t\t\t\t\t<div class=\"slideshow_description_box slideshow_transparent\">\r\n\t\t\t\t\t\t<div class=\"slideshow_title\">LF 10 offen<\/div>\t\t\t\t\t\t\t\t\t\t\t<\/div>\r\n\t\t\t\t<\/div>\r\n\r\n\t\t\t\t\t\t<div style=\"clear: both;\"><\/div><\/div><div class=\"slideshow_view\">\r\n\t\t\t\t<div class=\"slideshow_slide slideshow_slide_image\">\r\n\t\t\t\t\t\t\t\t\t\t\t<img src=\"https:\/\/www.feuerwehrdelingsdorf.de\/wp-content\/uploads\/2017\/07\/LF-10-hinten.jpg\" alt=\"LF 10 hinten\" width=\"850\" height=\"567\" \/>\r\n\t\t\t\t\t\t\t\t\t\t<div class=\"slideshow_description_box slideshow_transparent\">\r\n\t\t\t\t\t\t<div class=\"slideshow_title\">LF 10 hinten<\/div>\t\t\t\t\t\t\t\t\t\t\t<\/div>\r\n\t\t\t\t<\/div>\r\n\r\n\t\t\t\t\t\t<div style=\"clear: both;\"><\/div><\/div><div class=\"slideshow_view\">\r\n\t\t\t\t<div class=\"slideshow_slide slideshow_slide_image\">\r\n\t\t\t\t\t\t\t\t\t\t\t<img src=\"https:\/\/www.feuerwehrdelingsdorf.de\/wp-content\/uploads\/2017\/07\/LF-10-hinten-offen.jpg\" alt=\"LF 10 hinten offen\" width=\"850\" height=\"567\" \/>\r\n\t\t\t\t\t\t\t\t\t\t<div class=\"slideshow_description_box slideshow_transparent\">\r\n\t\t\t\t\t\t<div class=\"slideshow_title\">LF 10 hinten offen<\/div>\t\t\t\t\t\t\t\t\t\t\t<\/div>\r\n\t\t\t\t<\/div>\r\n\r\n\t\t\t\t\t\t<div style=\"clear: both;\"><\/div><\/div>\r\n\t\t<\/div>\r\n\r\n\t\t<div class=\"slideshow_controlPanel slideshow_transparent\" style=\"display: none;\"><ul><li class=\"slideshow_togglePlay\" data-play-text=\"Abspielen\" data-pause-text=\"Pause\"><\/li><\/ul><\/div>\r\n\r\n\t\t<div class=\"slideshow_button slideshow_previous slideshow_transparent\" role=\"button\" data-previous-text=\"Zur\u00fcck\" style=\"display: none;\"><\/div>\r\n\t\t<div class=\"slideshow_button slideshow_next slideshow_transparent\" role=\"button\" data-next-text=\"N\u00e4chstes\" style=\"display: none;\"><\/div>\r\n\r\n\t\t<div class=\"slideshow_pagination\" style=\"display: none;\" data-go-to-text=\"Gehe zum Bild\"><div class=\"slideshow_pagination_center\"><\/div><\/div>\r\n\r\n\t\t<!-- WordPress Slideshow Version 2.3.1 -->\r\n\r\n\t\t\t<\/div>\r\n\r\n\n","protected":false},"excerpt":{"rendered":"<p>Funkrufname: Florian Stormarn 64\/48\/1 Fahrzeughersteller: MAN Modell: TGM 13.280 4&#215;4 Aufbauhersteller: Rosenbauer Indienststellung: 2008 Wassertank: 2.000 Liter Das LF 10 wird als prim\u00e4res Einsatzfahrzeug f\u00fcr die Brandbek\u00e4mpfung und f\u00fcr die technische Hilfe eingesetzt. Neben der Normbeladung hat es noch umfangreiche weitere Ausstattung. Ausstattung: Heckpumpe N30 Stromerzeuger Beleuchtungssatz Schaummittel 120 l Hydraulischer Rettungssatz Motorkettens\u00e4ge Powermoon Einpersonen &hellip; <a href=\"https:\/\/www.feuerwehrdelingsdorf.de\/?page_id=130\" class=\"more-link\"><span class=\"screen-reader-text\">LF 10<\/span> weiterlesen <span class=\"meta-nav\">&rarr;<\/span><\/a><\/p>\n","protected":false},"author":1,"featured_media":235,"parent":100,"menu_order":2,"comment_status":"closed","ping_status":"closed","template":"","meta":{"footnotes":""},"class_list":["post-130","page","type-page","status-publish","has-post-thumbnail","hentry"],"jetpack_sharing_enabled":true,"_links":{"self":[{"href":"https:\/\/www.feuerwehrdelingsdorf.de\/index.php?rest_route=\/wp\/v2\/pages\/130","targetHints":{"allow":["GET"]}}],"collection":[{"href":"https:\/\/www.feuerwehrdelingsdorf.de\/index.php?rest_route=\/wp\/v2\/pages"}],"about":[{"href":"https:\/\/www.feuerwehrdelingsdorf.de\/index.php?rest_route=\/wp\/v2\/types\/page"}],"author":[{"embeddable":true,"href":"https:\/\/www.feuerwehrdelingsdorf.de\/index.php?rest_route=\/wp\/v2\/users\/1"}],"replies":[{"embeddable":true,"href":"https:\/\/www.feuerwehrdelingsdorf.de\/index.php?rest_route=%2Fwp%2Fv2%2Fcomments&post=130"}],"version-history":[{"count":13,"href":"https:\/\/www.feuerwehrdelingsdorf.de\/index.php?rest_route=\/wp\/v2\/pages\/130\/revisions"}],"predecessor-version":[{"id":255,"href":"https:\/\/www.feuerwehrdelingsdorf.de\/index.php?rest_route=\/wp\/v2\/pages\/130\/revisions\/255"}],"up":[{"embeddable":true,"href":"https:\/\/www.feuerwehrdelingsdorf.de\/index.php?rest_route=\/wp\/v2\/pages\/100"}],"wp:featuredmedia":[{"embeddable":true,"href":"https:\/\/www.feuerwehrdelingsdorf.de\/index.php?rest_route=\/wp\/v2\/media\/235"}],"wp:attachment":[{"href":"https:\/\/www.feuerwehrdelingsdorf.de\/index.php?rest_route=%2Fwp%2Fv2%2Fmedia&parent=130"}],"curies":[{"name":"wp","href":"https:\/\/api.w.org\/{rel}","templated":true}]}}