{"id":134,"date":"2017-06-02T18:13:08","date_gmt":"2017-06-02T16:13:08","guid":{"rendered":"http:\/\/10.0.1.130\/freiwillige-feuerwehr-delingsdorf\/?page_id=134"},"modified":"2018-02-10T11:07:35","modified_gmt":"2018-02-10T10:07:35","slug":"gruendung","status":"publish","type":"page","link":"https:\/\/www.feuerwehrdelingsdorf.de\/?page_id=134","title":{"rendered":"Gr\u00fcndung"},"content":{"rendered":"<hr>\n<p>Die Gr\u00fcndungsversammlung der Freiwilligen Feuerwehr Delingsdorf fand am 29. Juli 1886 statt, nachdem in einer vorangegangenen Versammlung sieben M\u00e4nner zur Ausarbeitung eines Statuts gew\u00e4hlt wurden. Dieses Statut wurde am Gr\u00fcndungstag von 38 M\u00e4nnern f\u00fcr gut befunden und anschlie\u00dfend der Kirchspielvogtei zu Bargteheide zur Pr\u00fcfung \u00fcbergeben und am 10. September 1886 genehmigt. <\/p>\n<p>Die 38 Gr\u00fcndungsmitglieder der Freiwilligen Feuerwehr Delingsdorf waren: <\/p>\n<p>Joh. Ahlers, Christian Ahnfeldt, Hinrich Arps, Fritz Brockmann, Klaus Br\u00f6cker, Fritz Diestel, Ernst Drews, Heinrich Dwenger, Johannes Eggers, Fritz Evers, J. Feddern, Fritz Gerken, Hinrich Gerken, Johann Gerken, Hermann Hack, Johann Hack, Wilhelm Harms, Klaus Hohn, J. J\u00f6rk, Heinrich Kahl, A. Martens, J. Meier, Friedrich Mohr, Christoph M\u00fcller, Alex Pem\u00f6ller, August Pem\u00f6ller, Friedrich Pem\u00f6ller, Hinrich Pem\u00f6ller, Christoph Ruge, Hinrich Ruge, Fritz Roggenkamp, H. Saggau, Hinrich Schacht, F. Schilling, Johann Singelmann, Fritz Timm, Hinrich Timm und F. Wilken <\/p>\n<p>\nZu ihrem ersten Hauptmann und Wehrf\u00fchrer w\u00e4hlten die Feuerwehr-Gr\u00fcnder den Maurermeister Johann Gerken, der 26 Jahre lang an der Spitze der Wehr stand. In den Vorstand der neugegr\u00fcndeten Wehr wurden folgende Kameraden gew\u00e4hlt: Fritz Timm (stellv. Kommandeuer), Hinrich Timm (Zugf\u00fchrer), Hermann Hack (Zugf\u00fchrer), Friedrich Mohr (Obersteiger), Christian Ahnfeldt (Spritzenmeister) und Heinrich Dwenger (Rohrleiter). <\/p>\n<p>\nF\u00fcr die Beschaffung der Erstausr\u00fcstung &#8211; mit einer vierr\u00e4drigen Handdruckspritze als Kernst\u00fcck &#8211; wurde eine Anleihe von 200,- Mark bei der Tremsb\u00fcttler Spar- und Leihkasse aufgenommen. Als Zuschuss von der Gemeinde Delingsdorf erhielt die Wehr einen weiteren Betrag von 200,- Mark; auch die Sparkasse schenkte der Wehr noch 30,- Mark. Als Mitgliedsbeitrag wurden viertelj\u00e4hrlich 75 Pfennig erhoben. Hauptmann Johann Gerken achtete von Anfang an darauf, einen guten Ausbildungsstand seiner Wehr zu erreichen, so wurden im ersten Jahr gleich neun \u00dcbungen angesetzt. L\u00f6schinspektor Wernick aus Kiel, der die Wehr inspizierte, war mit deren Leistungen vollauf zufrieden. Der erste Feuerwehrball am 12. Februar 1887 im Gasthof Brockmann erbrachte &#8211; bei Eintrittspreisen zwischen 50 Pfennig und einer Mark &#8211; einen f\u00fcr damalige Verh\u00e4ltnisse sehr beachtlichen \u00dcberschuss von 68,90 Mark. <\/p>\n<p>\nDer erste Feueralarm wurde am 31. Mai 1887 abends um 21 Uhr gegeben, nachdem in Richtung Ahrensburg ein Feuerschein gesehen worden war. Die Wehr r\u00fcckte aus, machte aber &#8211; wie im Protokoll vermerkt ist &#8211; &#8222;wegen zu weiter Entfernung&#8220; auf dem Kremerberg wieder kehrt. Ansonsten war die Delingsdorfer Wehr immer zur Stelle, wenn nachbarschaftliche Hilfe bei Br\u00e4nden ben\u00f6tigt wurde, sei es in Bargteheide, Ahrensburg, B\u00fcnningstedt, Jersbek, Klein Hansdorf oder Elmenhorst.<\/p>\n","protected":false},"excerpt":{"rendered":"<p>Die Gr\u00fcndungsversammlung der Freiwilligen Feuerwehr Delingsdorf fand am 29. Juli 1886 statt, nachdem in einer vorangegangenen Versammlung sieben M\u00e4nner zur Ausarbeitung eines Statuts gew\u00e4hlt wurden. Dieses Statut wurde am Gr\u00fcndungstag von 38 M\u00e4nnern f\u00fcr gut befunden und anschlie\u00dfend der Kirchspielvogtei zu Bargteheide zur Pr\u00fcfung \u00fcbergeben und am 10. September 1886 genehmigt. Die 38 Gr\u00fcndungsmitglieder der &hellip; <a href=\"https:\/\/www.feuerwehrdelingsdorf.de\/?page_id=134\" class=\"more-link\"><span class=\"screen-reader-text\">Gr\u00fcndung<\/span> weiterlesen <span class=\"meta-nav\">&rarr;<\/span><\/a><\/p>\n","protected":false},"author":1,"featured_media":246,"parent":96,"menu_order":2,"comment_status":"closed","ping_status":"closed","template":"","meta":{"footnotes":""},"class_list":["post-134","page","type-page","status-publish","has-post-thumbnail","hentry"],"jetpack_sharing_enabled":true,"_links":{"self":[{"href":"https:\/\/www.feuerwehrdelingsdorf.de\/index.php?rest_route=\/wp\/v2\/pages\/134","targetHints":{"allow":["GET"]}}],"collection":[{"href":"https:\/\/www.feuerwehrdelingsdorf.de\/index.php?rest_route=\/wp\/v2\/pages"}],"about":[{"href":"https:\/\/www.feuerwehrdelingsdorf.de\/index.php?rest_route=\/wp\/v2\/types\/page"}],"author":[{"embeddable":true,"href":"https:\/\/www.feuerwehrdelingsdorf.de\/index.php?rest_route=\/wp\/v2\/users\/1"}],"replies":[{"embeddable":true,"href":"https:\/\/www.feuerwehrdelingsdorf.de\/index.php?rest_route=%2Fwp%2Fv2%2Fcomments&post=134"}],"version-history":[{"count":5,"href":"https:\/\/www.feuerwehrdelingsdorf.de\/index.php?rest_route=\/wp\/v2\/pages\/134\/revisions"}],"predecessor-version":[{"id":509,"href":"https:\/\/www.feuerwehrdelingsdorf.de\/index.php?rest_route=\/wp\/v2\/pages\/134\/revisions\/509"}],"up":[{"embeddable":true,"href":"https:\/\/www.feuerwehrdelingsdorf.de\/index.php?rest_route=\/wp\/v2\/pages\/96"}],"wp:featuredmedia":[{"embeddable":true,"href":"https:\/\/www.feuerwehrdelingsdorf.de\/index.php?rest_route=\/wp\/v2\/media\/246"}],"wp:attachment":[{"href":"https:\/\/www.feuerwehrdelingsdorf.de\/index.php?rest_route=%2Fwp%2Fv2%2Fmedia&parent=134"}],"curies":[{"name":"wp","href":"https:\/\/api.w.org\/{rel}","templated":true}]}}