{"id":247,"date":"2017-06-09T18:18:12","date_gmt":"2017-06-09T16:18:12","guid":{"rendered":"http:\/\/10.0.1.130\/freiwillige-feuerwehr-delingsdorf\/?page_id=247"},"modified":"2022-06-14T15:20:35","modified_gmt":"2022-06-14T13:20:35","slug":"grosseinsaetze-in-delingsdorf","status":"publish","type":"page","link":"https:\/\/www.feuerwehrdelingsdorf.de\/?page_id=247","title":{"rendered":"Gro\u00dfeins\u00e4tze in Delingsdorf"},"content":{"rendered":"\n<hr class=\"wp-block-separator has-alpha-channel-opacity\"\/>\n\n\n\n<ul class=\"wp-block-list\"><li>28. Okt. 1890 <p>Gro\u00dffeuer Scheune des Vollhufners Ruge<\/p> <\/li><li>01. Aug. 1891 <p>Gro\u00dffeuer Zwei Scheunen auf dem Windberg<\/p> <\/li><li>05. Dez. 1897 <p>Gro\u00dffeuer Geh\u00f6ft im Wohld<\/p> <\/li><li>03. Jan. 1898 <p>Gro\u00dffeuer Wohnhaus des Schlachters Arps<\/p> <\/li><li>26. Juli 1911 <p>Gro\u00dffeuer Geh\u00f6ft von August Pem\u00f6ller (L\u00fcbecker Stra\u00dfe)<\/p> <\/li><li>23. Feb. 1961 <p>Gro\u00dffeuer Geh\u00f6ft Herbert Diestel<\/p> <\/li><li>18. M\u00e4rz 1962 <p>Gro\u00dffeuer Scheune Claus Untiedt<\/p> <\/li><li>31 Dez. 1964 <p>Gro\u00dffeuer Scheune Alfred Krohn<\/p> <\/li><li>26. Aug. 1967 <p>Gro\u00dffeuer Scheune Karl Ruge<\/p> <\/li><li>20. Aug. 1968 <p>Gro\u00dffeuer Stallgeb\u00e4ude Walter Heitmann<\/p> <\/li><li>08. Nov. 1971 <p>Gro\u00dffeuer Scheune G\u00fcnter Glantz<\/p> <\/li><li>27. Dez. 1972 <p>Gro\u00dffeuer Lager- und Ger\u00e4teschuppen G\u00fcnter Schmidt<\/p> <\/li><li>31. Dez. 1973 <p>Gro\u00dffeuer Geh\u00f6ft und Gastwirtschaft Erna Brockmann<\/p> <\/li><li>27. Jan. 1979 <p>Gro\u00dffeuer Geh\u00f6ft Ernst Buck (Asahi-Karate-Schule)<\/p> <\/li><li>31. Dez. 1991 <p>Gro\u00dffeuer bei Conrath (Reetdachhaus)<\/p> <\/li><li>26. M\u00e4rz 2005 <p>Gro\u00dffeuer DHH Langenrieh<\/p> <\/li><li>04. Feb. 2015 <p>Gasleitung besch\u00e4digt (Abzweiger von Hauptleitung)<\/p> <\/li><li>30. Jul. 2021 <p>Gro\u00dffeuer  L\u00fcbecker Stra\u00dfe <\/p><\/li><\/ul>\n","protected":false},"excerpt":{"rendered":"<p>28. Okt. 1890 Gro\u00dffeuer Scheune des Vollhufners Ruge 01. Aug. 1891 Gro\u00dffeuer Zwei Scheunen auf dem Windberg 05. Dez. 1897 Gro\u00dffeuer Geh\u00f6ft im Wohld 03. Jan. 1898 Gro\u00dffeuer Wohnhaus des Schlachters Arps 26. Juli 1911 Gro\u00dffeuer Geh\u00f6ft von August Pem\u00f6ller (L\u00fcbecker Stra\u00dfe) 23. Feb. 1961 Gro\u00dffeuer Geh\u00f6ft Herbert Diestel 18. M\u00e4rz 1962 Gro\u00dffeuer Scheune Claus &hellip; <a href=\"https:\/\/www.feuerwehrdelingsdorf.de\/?page_id=247\" class=\"more-link\"><span class=\"screen-reader-text\">Gro\u00dfeins\u00e4tze in Delingsdorf<\/span> weiterlesen <span class=\"meta-nav\">&rarr;<\/span><\/a><\/p>\n","protected":false},"author":1,"featured_media":249,"parent":96,"menu_order":3,"comment_status":"closed","ping_status":"closed","template":"","meta":{"footnotes":""},"class_list":["post-247","page","type-page","status-publish","has-post-thumbnail","hentry"],"jetpack_sharing_enabled":true,"_links":{"self":[{"href":"https:\/\/www.feuerwehrdelingsdorf.de\/index.php?rest_route=\/wp\/v2\/pages\/247","targetHints":{"allow":["GET"]}}],"collection":[{"href":"https:\/\/www.feuerwehrdelingsdorf.de\/index.php?rest_route=\/wp\/v2\/pages"}],"about":[{"href":"https:\/\/www.feuerwehrdelingsdorf.de\/index.php?rest_route=\/wp\/v2\/types\/page"}],"author":[{"embeddable":true,"href":"https:\/\/www.feuerwehrdelingsdorf.de\/index.php?rest_route=\/wp\/v2\/users\/1"}],"replies":[{"embeddable":true,"href":"https:\/\/www.feuerwehrdelingsdorf.de\/index.php?rest_route=%2Fwp%2Fv2%2Fcomments&post=247"}],"version-history":[{"count":5,"href":"https:\/\/www.feuerwehrdelingsdorf.de\/index.php?rest_route=\/wp\/v2\/pages\/247\/revisions"}],"predecessor-version":[{"id":908,"href":"https:\/\/www.feuerwehrdelingsdorf.de\/index.php?rest_route=\/wp\/v2\/pages\/247\/revisions\/908"}],"up":[{"embeddable":true,"href":"https:\/\/www.feuerwehrdelingsdorf.de\/index.php?rest_route=\/wp\/v2\/pages\/96"}],"wp:featuredmedia":[{"embeddable":true,"href":"https:\/\/www.feuerwehrdelingsdorf.de\/index.php?rest_route=\/wp\/v2\/media\/249"}],"wp:attachment":[{"href":"https:\/\/www.feuerwehrdelingsdorf.de\/index.php?rest_route=%2Fwp%2Fv2%2Fmedia&parent=247"}],"curies":[{"name":"wp","href":"https:\/\/api.w.org\/{rel}","templated":true}]}}