{"id":451,"date":"2017-09-16T18:05:42","date_gmt":"2017-09-16T16:05:42","guid":{"rendered":"http:\/\/10.0.1.130\/freiwillige-feuerwehr-delingsdorf\/?page_id=451"},"modified":"2022-06-14T08:22:44","modified_gmt":"2022-06-14T06:22:44","slug":"gruendung","status":"publish","type":"page","link":"https:\/\/www.feuerwehrdelingsdorf.de\/?page_id=451","title":{"rendered":"Gr\u00fcndung"},"content":{"rendered":"<hr \/>\n<p>In den neunziger Jahren zeichnete sich auch in unserer Wehr ein bundesweiter Trend ab, das Durchschnittsalter der aktiven Kameraden lag bei 45 Jahren. Schnell war der Entschluss in der Wehrf\u00fchrung gefasst, den fehlenden Nachwuchs selbst auszubilden und bei der Gemeinde die Gr\u00fcndung einer Jugendfeuerwehr zu beantragen. Am 17. Juni 1996 gab die Gemeindevertretung \u201egr\u00fcnes Licht\u201c zum Vorhaben der Wehr, eine eigene Jugendabteilung ins Leben zu rufen.<\/p>\n<p>Bereits einen Tag sp\u00e4ter, fast auf den Tag genau 110 Jahre nach Gr\u00fcndung der Wehr, beschloss die Freiwillige Feuerwehr Delingsdorf unter der Wehrf\u00fchrung von OBM Alfred Krohn die Gr\u00fcndung einer Jugendfeuerwehr.<\/p>\n<p>Hiermit war die 26. Stormarner Jugendfeuerwehr geboren, als vierte und gr\u00f6\u00dfte Jugendfeuerwehr im Amt Bargteheide-Land. Die Mitgliederzahl soll mindestens 12 betragen und eine Maximalst\u00e4rke von 22 Jugendlichen nicht \u00fcberschreiten. Die Mustersatzung wurde von Brandmeister Gerhard Becker neu geschrieben. Bei den anschlie\u00dfenden Wahlen wurden Sven Evers zum Jugendfeuerwehrwart und Constantin Dabelstein zum stellv. Jugendfeuerwehrwart gew\u00e4hlt. Bereits im August 1996 wurde der \u00dcbungsbetrieb unter der Leitung der Jugendfeuerwehrwarte aufgenommen.<\/p>\n<p>Die offizielle Gr\u00fcndungsfeier fand am 17. Januar 1997 im Mehrzweckhaus statt. Neben den Familienangeh\u00f6rigen der 17 Jungen und vier M\u00e4dchen waren zahlreiche G\u00e4ste von Feuerwehren und Jugendfeuerwehren aus Kreis, Amt und Stadt Bargteheide der Einladung der Delingsdorfer Wehr gefolgt. H\u00f6hepunkt des Abends war die feierliche Wimpel\u00fcbergabe an den Delingsdorfer Feuerwehrnachwuchs durch Kreisjugendfeuerwehrwart Dirk Tschechne. Er bezeichnet das Tuch \u2013 das auf der einen Seite das Emblem der Deutschen Jugendfeuerwehren tr\u00e4gt, auf der anderen Seite das Delingsdorfer Gemeindewappen \u2013 als \u201eSymbol der Einigkeit, Hilfsbereitschaft und Kameradschaft\u201c. F\u00fcr die noch etwas d\u00fcnn gef\u00fcllte Kameradschaftskasse \u00fcbereichte er den Jugendlichen ein Startkapital von 500 DM.<\/p>\n","protected":false},"excerpt":{"rendered":"<p>In den neunziger Jahren zeichnete sich auch in unserer Wehr ein bundesweiter Trend ab, das Durchschnittsalter der aktiven Kameraden lag bei 45 Jahren. Schnell war der Entschluss in der Wehrf\u00fchrung gefasst, den fehlenden Nachwuchs selbst auszubilden und bei der Gemeinde die Gr\u00fcndung einer Jugendfeuerwehr zu beantragen. Am 17. Juni 1996 gab die Gemeindevertretung \u201egr\u00fcnes Licht\u201c &hellip; <a href=\"https:\/\/www.feuerwehrdelingsdorf.de\/?page_id=451\" class=\"more-link\"><span class=\"screen-reader-text\">Gr\u00fcndung<\/span> weiterlesen <span class=\"meta-nav\">&rarr;<\/span><\/a><\/p>\n","protected":false},"author":1,"featured_media":383,"parent":362,"menu_order":2,"comment_status":"closed","ping_status":"closed","template":"","meta":{"footnotes":""},"class_list":["post-451","page","type-page","status-publish","has-post-thumbnail","hentry"],"jetpack_sharing_enabled":true,"_links":{"self":[{"href":"https:\/\/www.feuerwehrdelingsdorf.de\/index.php?rest_route=\/wp\/v2\/pages\/451","targetHints":{"allow":["GET"]}}],"collection":[{"href":"https:\/\/www.feuerwehrdelingsdorf.de\/index.php?rest_route=\/wp\/v2\/pages"}],"about":[{"href":"https:\/\/www.feuerwehrdelingsdorf.de\/index.php?rest_route=\/wp\/v2\/types\/page"}],"author":[{"embeddable":true,"href":"https:\/\/www.feuerwehrdelingsdorf.de\/index.php?rest_route=\/wp\/v2\/users\/1"}],"replies":[{"embeddable":true,"href":"https:\/\/www.feuerwehrdelingsdorf.de\/index.php?rest_route=%2Fwp%2Fv2%2Fcomments&post=451"}],"version-history":[{"count":3,"href":"https:\/\/www.feuerwehrdelingsdorf.de\/index.php?rest_route=\/wp\/v2\/pages\/451\/revisions"}],"predecessor-version":[{"id":903,"href":"https:\/\/www.feuerwehrdelingsdorf.de\/index.php?rest_route=\/wp\/v2\/pages\/451\/revisions\/903"}],"up":[{"embeddable":true,"href":"https:\/\/www.feuerwehrdelingsdorf.de\/index.php?rest_route=\/wp\/v2\/pages\/362"}],"wp:featuredmedia":[{"embeddable":true,"href":"https:\/\/www.feuerwehrdelingsdorf.de\/index.php?rest_route=\/wp\/v2\/media\/383"}],"wp:attachment":[{"href":"https:\/\/www.feuerwehrdelingsdorf.de\/index.php?rest_route=%2Fwp%2Fv2%2Fmedia&parent=451"}],"curies":[{"name":"wp","href":"https:\/\/api.w.org\/{rel}","templated":true}]}}