{"id":46,"date":"2017-04-28T16:19:30","date_gmt":"2017-04-28T14:19:30","guid":{"rendered":"http:\/\/10.0.1.130\/freiwillige-feuerwehr-delingsdorf\/?page_id=46"},"modified":"2025-10-24T19:29:38","modified_gmt":"2025-10-24T17:29:38","slug":"startseite","status":"publish","type":"page","link":"https:\/\/www.feuerwehrdelingsdorf.de\/","title":{"rendered":"Home"},"content":{"rendered":"<hr \/>\n<p>Herzlich Willkommen auf der Internetseite der Freiwilligen Feuerwehr Delingsdorf.<\/p>\n<p>Wir, die Freiwillige Feuerwehr Delingsdorf, sind die \u00e4lteste Feuerwehr des Amtes Bargteheide-Land und z\u00e4hlen zu den zehn \u00e4ltesten des Kreis Stormarn. Mittlerweile k\u00f6nnen wir auf eine \u00fcber 130-j\u00e4hrige Geschichte und Tradition zur\u00fcckblicken. Freiwillige Delingsdorfer B\u00fcrger sorgen 24 Stunden am Tag und 365 Tage im Jahr f\u00fcr die Sicherheit aller Bewohner der Gemeinde. Wenn Hilfe ben\u00f6tigt wird, lassen wir Feuerwehr- Frauen und M\u00e4nner unsere Arbeit stehen und liegen, um anderen Hilfe zu bringen.<\/p>\n<p>Unsere Aufgaben erstrecken sich \u00fcber den vorbeugenden bzw. abwehrenden Brandschutz, Brandschutzerziehung in Kinderg\u00e4rten, technische oder sonstige Hilfeleistung nach Unf\u00e4llen bzw. bei sonstigen Notlagen f\u00fcr Mensch oder Tier, Hilfeleistung in Schadens- und Katastrophenf\u00e4llen (Naturereignisse, technische St\u00f6rf\u00e4lle, Umweltsch\u00e4den u. v. a.), Hilfeleistung bei Unf\u00e4llen mit gef\u00e4hrlichen Stoffen und Mitarbeit im Zivilschutz. Um in Notf\u00e4llen gezielt helfen zu k\u00f6nnen, ist eine umfangreiche und genaue Ausbildung der Feuerwehrmitglieder notwendig. Dies wird durch Schulungen, Lehrg\u00e4nge und durch zahlreiche \u00dcbungen erreicht.<\/p>\n<p>Die Grundausbildung erfolgt im Rahmen einer Ausbildungsgruppe in der Feuerwehr und auf Lehrg\u00e4ngen. Um die notwendigen Handgriffe und T\u00e4tigkeiten im Feuerwehrdienst jedes einzelnen zu verbessern, werden an jedem 1. und 3. Dienstag im Monat \u00dcbungsdienste um 20:00 Uhr durchgef\u00fchrt. Los geht es am Feuerwehrger\u00e4tehaus in der Timmerhorner Str. 2. Kommen Sie gerne vorbei und sprechen Sie uns an. Auch Sie k\u00f6nnen mitmachen. Werden Sie aktives Mitglied in Ihrer Feuerwehr. Oder werden Sie f\u00f6rderndes Mitglied und unterst\u00fctzen Sie uns. F\u00fcr weitere Fragen stehen ich Ihnen gerne zur Verf\u00fcgung: wehrfuerung@feuerwehrdelingsdorf.de<\/p>\n<p>Es ist doch gut zu wissen, dass man sich immer auf einen guten Partner verlassen kann!<\/p>\n<p>Thorsten Patschkowski<br \/>\nGemeindewehrf\u00fchrer<\/p>\n","protected":false},"excerpt":{"rendered":"<p>Herzlich Willkommen auf der Internetseite der Freiwilligen Feuerwehr Delingsdorf. Wir, die Freiwillige Feuerwehr Delingsdorf, sind die \u00e4lteste Feuerwehr des Amtes Bargteheide-Land und z\u00e4hlen zu den zehn \u00e4ltesten des Kreis Stormarn. Mittlerweile k\u00f6nnen wir auf eine \u00fcber 130-j\u00e4hrige Geschichte und Tradition zur\u00fcckblicken. Freiwillige Delingsdorfer B\u00fcrger sorgen 24 Stunden am Tag und 365 Tage im Jahr f\u00fcr &hellip; <a href=\"https:\/\/www.feuerwehrdelingsdorf.de\/\" class=\"more-link\"><span class=\"screen-reader-text\">Home<\/span> weiterlesen <span class=\"meta-nav\">&rarr;<\/span><\/a><\/p>\n","protected":false},"author":1,"featured_media":67,"parent":0,"menu_order":1,"comment_status":"closed","ping_status":"closed","template":"","meta":{"footnotes":""},"class_list":["post-46","page","type-page","status-publish","has-post-thumbnail","hentry"],"jetpack_sharing_enabled":true,"_links":{"self":[{"href":"https:\/\/www.feuerwehrdelingsdorf.de\/index.php?rest_route=\/wp\/v2\/pages\/46","targetHints":{"allow":["GET"]}}],"collection":[{"href":"https:\/\/www.feuerwehrdelingsdorf.de\/index.php?rest_route=\/wp\/v2\/pages"}],"about":[{"href":"https:\/\/www.feuerwehrdelingsdorf.de\/index.php?rest_route=\/wp\/v2\/types\/page"}],"author":[{"embeddable":true,"href":"https:\/\/www.feuerwehrdelingsdorf.de\/index.php?rest_route=\/wp\/v2\/users\/1"}],"replies":[{"embeddable":true,"href":"https:\/\/www.feuerwehrdelingsdorf.de\/index.php?rest_route=%2Fwp%2Fv2%2Fcomments&post=46"}],"version-history":[{"count":32,"href":"https:\/\/www.feuerwehrdelingsdorf.de\/index.php?rest_route=\/wp\/v2\/pages\/46\/revisions"}],"predecessor-version":[{"id":1039,"href":"https:\/\/www.feuerwehrdelingsdorf.de\/index.php?rest_route=\/wp\/v2\/pages\/46\/revisions\/1039"}],"wp:featuredmedia":[{"embeddable":true,"href":"https:\/\/www.feuerwehrdelingsdorf.de\/index.php?rest_route=\/wp\/v2\/media\/67"}],"wp:attachment":[{"href":"https:\/\/www.feuerwehrdelingsdorf.de\/index.php?rest_route=%2Fwp%2Fv2%2Fmedia&parent=46"}],"curies":[{"name":"wp","href":"https:\/\/api.w.org\/{rel}","templated":true}]}}