{"id":666,"date":"2018-06-06T16:45:53","date_gmt":"2018-06-06T14:45:53","guid":{"rendered":"http:\/\/10.0.1.130\/freiwillige-feuerwehr-delingsdorf\/?page_id=666"},"modified":"2025-10-24T19:35:13","modified_gmt":"2025-10-24T17:35:13","slug":"vorstand","status":"publish","type":"page","link":"https:\/\/www.feuerwehrdelingsdorf.de\/?page_id=666","title":{"rendered":"Vorstand"},"content":{"rendered":"<hr>\n<table border=\"0\">\n<tbody>\n<tr>\n<td><b>Gemeindewehrf\u00fchrer:<\/b><br \/>\nHLM Thorsten Patschkowski<br \/>\n<a href=\"mailto:wehrfuehrung@feuerwehrdelingsdorf.de\">\u2709<\/a><\/td>\n<td><\/td>\n<\/tr>\n<tr>\n<td><b>Stv. Gemeindewehrf\u00fchrer:<\/b><br \/>\nOBM Martin Einfalt<\/td>\n<td><\/td>\n<\/tr>\n<tr>\n<td><b>Gruppenf\u00fchrer:<\/b><br \/>\nOLM Sebastian Rathjen<\/td>\n<td><\/td>\n<\/tr>\n<tr>\n<td><b>Kassenwart:<\/b><br \/>\nHFM*** Benjamin Groth<\/td>\n<td><\/td>\n<\/tr>\n<tr>\n<td><b>Ger\u00e4tewart:<\/b><br \/>\nLM Christian Felsch<\/td>\n<td><\/td>\n<\/tr>\n<tr>\n<td><b>Schriftf\u00fchrer:<\/b><br \/>\nLM Tobias He\u00df<\/td>\n<td><\/td>\n<\/tr>\n<tr>\n<td><b>Jugendfeuerwehrwart:<\/b><br \/>\nLM Kevin Schl\u00fcter<br \/>\n<a href=\"mailto:jugendwart@feuerwehrdelingsdorf.de\">\u2709<\/a><\/td>\n<td><\/td>\n<\/tr>\n<tr>\n<td><b>F\u00fchrer der Reserveabteilung:<\/b><br \/>\nLM Ingo Moths<\/td>\n<td><\/td>\n<\/tr>\n<\/tbody>\n<\/table>\n","protected":false},"excerpt":{"rendered":"<p>Gemeindewehrf\u00fchrer: HLM Thorsten Patschkowski \u2709 Stv. Gemeindewehrf\u00fchrer: OBM Martin Einfalt Gruppenf\u00fchrer: OLM Sebastian Rathjen Kassenwart: HFM*** Benjamin Groth Ger\u00e4tewart: LM Christian Felsch Schriftf\u00fchrer: LM Tobias He\u00df Jugendfeuerwehrwart: LM Kevin Schl\u00fcter \u2709 F\u00fchrer der Reserveabteilung: LM Ingo Moths<\/p>\n","protected":false},"author":1,"featured_media":235,"parent":96,"menu_order":1,"comment_status":"closed","ping_status":"closed","template":"","meta":{"footnotes":""},"class_list":["post-666","page","type-page","status-publish","has-post-thumbnail","hentry"],"jetpack_sharing_enabled":true,"_links":{"self":[{"href":"https:\/\/www.feuerwehrdelingsdorf.de\/index.php?rest_route=\/wp\/v2\/pages\/666","targetHints":{"allow":["GET"]}}],"collection":[{"href":"https:\/\/www.feuerwehrdelingsdorf.de\/index.php?rest_route=\/wp\/v2\/pages"}],"about":[{"href":"https:\/\/www.feuerwehrdelingsdorf.de\/index.php?rest_route=\/wp\/v2\/types\/page"}],"author":[{"embeddable":true,"href":"https:\/\/www.feuerwehrdelingsdorf.de\/index.php?rest_route=\/wp\/v2\/users\/1"}],"replies":[{"embeddable":true,"href":"https:\/\/www.feuerwehrdelingsdorf.de\/index.php?rest_route=%2Fwp%2Fv2%2Fcomments&post=666"}],"version-history":[{"count":51,"href":"https:\/\/www.feuerwehrdelingsdorf.de\/index.php?rest_route=\/wp\/v2\/pages\/666\/revisions"}],"predecessor-version":[{"id":1043,"href":"https:\/\/www.feuerwehrdelingsdorf.de\/index.php?rest_route=\/wp\/v2\/pages\/666\/revisions\/1043"}],"up":[{"embeddable":true,"href":"https:\/\/www.feuerwehrdelingsdorf.de\/index.php?rest_route=\/wp\/v2\/pages\/96"}],"wp:featuredmedia":[{"embeddable":true,"href":"https:\/\/www.feuerwehrdelingsdorf.de\/index.php?rest_route=\/wp\/v2\/media\/235"}],"wp:attachment":[{"href":"https:\/\/www.feuerwehrdelingsdorf.de\/index.php?rest_route=%2Fwp%2Fv2%2Fmedia&parent=666"}],"curies":[{"name":"wp","href":"https:\/\/api.w.org\/{rel}","templated":true}]}}