{"id":722,"date":"2018-04-18T12:38:05","date_gmt":"2018-04-18T10:38:05","guid":{"rendered":"http:\/\/10.0.1.130\/freiwillige-feuerwehr-delingsdorf\/?page_id=722"},"modified":"2022-07-21T21:36:48","modified_gmt":"2022-07-21T19:36:48","slug":"vorstand-jugendfeuerwehr","status":"publish","type":"page","link":"https:\/\/www.feuerwehrdelingsdorf.de\/?page_id=722","title":{"rendered":"Vorstand Jugendfeuerwehr"},"content":{"rendered":"\n<hr class=\"wp-block-separator has-alpha-channel-opacity\"\/>\n\n\n\n<figure class=\"wp-block-table\"><table><tbody><tr><td><b>Jugendfeuerwehrwart:<\/b><br>HFM*** Kevin Schl\u00fcter<br><a href=\"mailto:jugendwart@feuerwehrdelingsdorf.de\">\u2709<\/a><\/td><td>&nbsp;<\/td><\/tr><tr><td><b>Stv. Jugendfeuerwehrwart:<\/b><br>FM Oliver Neller<\/td><td>&nbsp;<\/td><\/tr><tr><td><b>Jugendgruppenleiter:<\/b><br>Benedikt Wolf<\/td><td>&nbsp;<\/td><\/tr><tr><td><strong>1. Jugendgruppenf\u00fchrer:<\/strong><br>Alexander Zhang<\/td><td><\/td><\/tr><tr><td><strong>2. Jugendgruppenf\u00fchrer:<\/strong><br>Jan Eric Sch\u00fcnemann<\/td><td><\/td><\/tr><tr><td><strong>3.<\/strong> <strong>Jugendgruppenf\u00fchrer<\/strong>:<br>Alexander Schwisow<\/td><td><\/td><\/tr><tr><td><b>Schriftf\u00fchrer:<\/b><br>Celina Lichtenwald<\/td><td>&nbsp;<\/td><\/tr><tr><td><strong>Kassenwart<\/strong>:<br>Celina Haak<\/td><td><\/td><\/tr><tr><td><b>Betreuer:<\/b><br>HFF Nadine Neller<\/td><td>&nbsp;<\/td><\/tr><tr><td><b>Betreuer:<\/b><br>HFF Corina Strangmeyer<\/td><td>&nbsp;<\/td><\/tr><tr><td><b>Betreuer:<\/b><br>LM Michael Brachhold<\/td><td>&nbsp;<\/td><\/tr><tr><td><strong>Betreuer<\/strong>:<br>OFM Cedrik Schulz<\/td><td><\/td><\/tr><\/tbody><\/table><\/figure>\n","protected":false},"excerpt":{"rendered":"<p>Jugendfeuerwehrwart:HFM*** Kevin Schl\u00fcter\u2709 &nbsp; Stv. Jugendfeuerwehrwart:FM Oliver Neller &nbsp; Jugendgruppenleiter:Benedikt Wolf &nbsp; 1. Jugendgruppenf\u00fchrer:Alexander Zhang 2. Jugendgruppenf\u00fchrer:Jan Eric Sch\u00fcnemann 3. Jugendgruppenf\u00fchrer:Alexander Schwisow Schriftf\u00fchrer:Celina Lichtenwald &nbsp; Kassenwart:Celina Haak Betreuer:HFF Nadine Neller &nbsp; Betreuer:HFF Corina Strangmeyer &nbsp; Betreuer:LM Michael Brachhold &nbsp; Betreuer:OFM Cedrik Schulz<\/p>\n","protected":false},"author":1,"featured_media":507,"parent":362,"menu_order":1,"comment_status":"closed","ping_status":"closed","template":"","meta":{"footnotes":""},"class_list":["post-722","page","type-page","status-publish","has-post-thumbnail","hentry"],"jetpack_sharing_enabled":true,"_links":{"self":[{"href":"https:\/\/www.feuerwehrdelingsdorf.de\/index.php?rest_route=\/wp\/v2\/pages\/722","targetHints":{"allow":["GET"]}}],"collection":[{"href":"https:\/\/www.feuerwehrdelingsdorf.de\/index.php?rest_route=\/wp\/v2\/pages"}],"about":[{"href":"https:\/\/www.feuerwehrdelingsdorf.de\/index.php?rest_route=\/wp\/v2\/types\/page"}],"author":[{"embeddable":true,"href":"https:\/\/www.feuerwehrdelingsdorf.de\/index.php?rest_route=\/wp\/v2\/users\/1"}],"replies":[{"embeddable":true,"href":"https:\/\/www.feuerwehrdelingsdorf.de\/index.php?rest_route=%2Fwp%2Fv2%2Fcomments&post=722"}],"version-history":[{"count":22,"href":"https:\/\/www.feuerwehrdelingsdorf.de\/index.php?rest_route=\/wp\/v2\/pages\/722\/revisions"}],"predecessor-version":[{"id":973,"href":"https:\/\/www.feuerwehrdelingsdorf.de\/index.php?rest_route=\/wp\/v2\/pages\/722\/revisions\/973"}],"up":[{"embeddable":true,"href":"https:\/\/www.feuerwehrdelingsdorf.de\/index.php?rest_route=\/wp\/v2\/pages\/362"}],"wp:featuredmedia":[{"embeddable":true,"href":"https:\/\/www.feuerwehrdelingsdorf.de\/index.php?rest_route=\/wp\/v2\/media\/507"}],"wp:attachment":[{"href":"https:\/\/www.feuerwehrdelingsdorf.de\/index.php?rest_route=%2Fwp%2Fv2%2Fmedia&parent=722"}],"curies":[{"name":"wp","href":"https:\/\/api.w.org\/{rel}","templated":true}]}}