{"id":752,"date":"2018-04-06T09:16:46","date_gmt":"2018-04-06T07:16:46","guid":{"rendered":"http:\/\/10.0.1.130\/freiwillige-feuerwehr-delingsdorf\/?page_id=752"},"modified":"2018-04-06T09:16:46","modified_gmt":"2018-04-06T07:16:46","slug":"warn-app-nina","status":"publish","type":"page","link":"https:\/\/www.feuerwehrdelingsdorf.de\/?page_id=752","title":{"rendered":"Warn-App NINA"},"content":{"rendered":"<hr>\n<p>\nMit der Notfall-Informations- und Nachrichten-App des Bundes, kurz Warn-App NINA, k\u00f6nnen Sie wichtige Warnmeldungen des Bev\u00f6lkerungsschutzes f\u00fcr unterschiedliche Gefahrenlagen wie zum Beispiel Gefahrstoffausbreitung oder einem Gro\u00dfbrand erhalten. Optional auch f\u00fcr Ihren aktuellen Standort. Wetterwarnungen des Deutschen Wetterdienstes und Hochwasserinformationen der zust\u00e4ndigen Stellen der Bundesl\u00e4nder sind ebenfalls in die Warn-App integriert.<\/p>\n<p>\nTechnischer Ausgangspunkt f\u00fcr NINA ist das modulare Warnsystem des Bundes (MoWaS). Dieses wird vom BBK f\u00fcr bundesweite Warnungen des Zivilschutzes betrieben. Seit 2013 k\u00f6nnen auch alle Lagezentren der L\u00e4nder und viele bereits angeschlossenen Leitstellen von St\u00e4dten und Kommunen das Warnsystem nutzen. In der Regel sind dies Feuerwehr- und Rettungsleitstellen, die Warnmeldungen f\u00fcr lokale Gefahrenlagen herausgeben. <\/p>\n<p>\nDie Warn-App NINA ist ein schneller und effizienter Weg zum Schutze der Bev\u00f6lkerung. F\u00fcr die zust\u00e4ndigen Beh\u00f6rden des Zivil- und Katastrophenschutzes ist sie ein wichtiger Informationskanal, die Menschen \u00fcber Gefahren zu informieren und gleichzeitig konkrete Verhaltenshinweise zu geben.<br \/>\nNeben der Warnfunktion bietet die Warn-App NINA auch grundlegende Informationen und Notfalltipps zu Themen des Bev\u00f6lkerungsschutzes an.<\/p>\n<p>Text und Bilder von: <a href=\"https:\/\/www.bbk.bund.de\/DE\/NINA\/Warn-App_NINA.html\" rel=\"noopener\" target=\"_blank\">Bundesamt f\u00fcr Bev\u00f6lkerungsschutz und Katastrophenhilfe<\/a><\/p>\n\r\n\t<div class=\"slideshow_container slideshow_container_style-light\" style=\"height: 400px; \" data-slideshow-id=\"775\" data-style-name=\"style-light\" data-style-version=\"2.3.1\" >\r\n\r\n\t\t\t\t\t<div class=\"slideshow_loading_icon\"><\/div>\r\n\t\t\r\n\t\t<div class=\"slideshow_content\" style=\"display: none;\">\r\n\r\n\t\t\t<div class=\"slideshow_view\">\r\n\t\t\t\t<div class=\"slideshow_slide slideshow_slide_image\">\r\n\t\t\t\t\t\t\t\t\t\t\t<img src=\"https:\/\/www.feuerwehrdelingsdorf.de\/wp-content\/uploads\/2018\/03\/Warn-App-NINA-Kartenansicht_aktiveWarnung_frei.jpg\" alt=\"Warn-App NINA Kartenansicht_aktiveWarnung_frei\" width=\"855\" height=\"1685\" \/>\r\n\t\t\t\t\t\t\t\t\t\t<div class=\"slideshow_description_box slideshow_transparent\">\r\n\t\t\t\t\t\t<div class=\"slideshow_title\">Warn-App NINA Kartenansicht_aktiveWarnung_frei<\/div>\t\t\t\t\t\t\t\t\t\t\t<\/div>\r\n\t\t\t\t<\/div>\r\n\r\n\t\t\t\t\t\t<div style=\"clear: both;\"><\/div><\/div><div class=\"slideshow_view\">\r\n\t\t\t\t<div class=\"slideshow_slide slideshow_slide_image\">\r\n\t\t\t\t\t\t\t\t\t\t\t<img src=\"https:\/\/www.feuerwehrdelingsdorf.de\/wp-content\/uploads\/2018\/03\/Warn-App-NINA-Meine_Orte_frei.jpg\" alt=\"Warn-App NINA Meine_Orte_frei\" width=\"855\" height=\"1685\" \/>\r\n\t\t\t\t\t\t\t\t\t\t<div class=\"slideshow_description_box slideshow_transparent\">\r\n\t\t\t\t\t\t<div class=\"slideshow_title\">Warn-App NINA Meine_Orte_frei<\/div>\t\t\t\t\t\t\t\t\t\t\t<\/div>\r\n\t\t\t\t<\/div>\r\n\r\n\t\t\t\t\t\t<div style=\"clear: both;\"><\/div><\/div><div class=\"slideshow_view\">\r\n\t\t\t\t<div class=\"slideshow_slide slideshow_slide_image\">\r\n\t\t\t\t\t\t\t\t\t\t\t<img src=\"https:\/\/www.feuerwehrdelingsdorf.de\/wp-content\/uploads\/2018\/03\/Warn-App-NINA-Notfafalltipps_2_frei.jpg\" alt=\"Warn-App NINA Notfafalltipps_2_frei\" width=\"855\" height=\"1685\" \/>\r\n\t\t\t\t\t\t\t\t\t\t<div class=\"slideshow_description_box slideshow_transparent\">\r\n\t\t\t\t\t\t<div class=\"slideshow_title\">Warn-App NINA Notfafalltipps_2_frei<\/div>\t\t\t\t\t\t\t\t\t\t\t<\/div>\r\n\t\t\t\t<\/div>\r\n\r\n\t\t\t\t\t\t<div style=\"clear: both;\"><\/div><\/div><div class=\"slideshow_view\">\r\n\t\t\t\t<div class=\"slideshow_slide slideshow_slide_image\">\r\n\t\t\t\t\t\t\t\t\t\t\t<img src=\"https:\/\/www.feuerwehrdelingsdorf.de\/wp-content\/uploads\/2018\/03\/Warn-App-NINA-Warnung_Bombenentsch\u00e4rfung_frei.jpg\" alt=\"Warn-App NINA Warnung_Bombenentsch\u00e4rfung_frei\" width=\"855\" height=\"1685\" \/>\r\n\t\t\t\t\t\t\t\t\t\t<div class=\"slideshow_description_box slideshow_transparent\">\r\n\t\t\t\t\t\t<div class=\"slideshow_title\">Warn-App NINA Warnung_Bombenentsch\u00e4rfung_frei<\/div>\t\t\t\t\t\t\t\t\t\t\t<\/div>\r\n\t\t\t\t<\/div>\r\n\r\n\t\t\t\t\t\t<div style=\"clear: both;\"><\/div><\/div><div class=\"slideshow_view\">\r\n\t\t\t\t<div class=\"slideshow_slide slideshow_slide_image\">\r\n\t\t\t\t\t\t\t\t\t\t\t<img src=\"https:\/\/www.feuerwehrdelingsdorf.de\/wp-content\/uploads\/2018\/03\/Warn-App-NINA-Warnung_Infos_frei.jpg\" alt=\"Warn-App NINA Warnung_Infos_frei\" width=\"855\" height=\"1685\" \/>\r\n\t\t\t\t\t\t\t\t\t\t<div class=\"slideshow_description_box slideshow_transparent\">\r\n\t\t\t\t\t\t<div class=\"slideshow_title\">Warn-App NINA Warnung_Infos_frei<\/div>\t\t\t\t\t\t\t\t\t\t\t<\/div>\r\n\t\t\t\t<\/div>\r\n\r\n\t\t\t\t\t\t<div style=\"clear: both;\"><\/div><\/div><div class=\"slideshow_view\">\r\n\t\t\t\t<div class=\"slideshow_slide slideshow_slide_image\">\r\n\t\t\t\t\t\t\t\t\t\t\t<img src=\"https:\/\/www.feuerwehrdelingsdorf.de\/wp-content\/uploads\/2018\/03\/Warn-App-NINA-Einstellungen_frei.jpg\" alt=\"Warn-App NINA Einstellungen_frei\" width=\"855\" height=\"1685\" \/>\r\n\t\t\t\t\t\t\t\t\t\t<div class=\"slideshow_description_box slideshow_transparent\">\r\n\t\t\t\t\t\t<div class=\"slideshow_title\">Warn-App NINA Einstellungen_frei<\/div>\t\t\t\t\t\t\t\t\t\t\t<\/div>\r\n\t\t\t\t<\/div>\r\n\r\n\t\t\t\t\t\t<div style=\"clear: both;\"><\/div><\/div>\r\n\t\t<\/div>\r\n\r\n\t\t<div class=\"slideshow_controlPanel slideshow_transparent\" style=\"display: none;\"><ul><li class=\"slideshow_togglePlay\" data-play-text=\"Abspielen\" data-pause-text=\"Pause\"><\/li><\/ul><\/div>\r\n\r\n\t\t<div class=\"slideshow_button slideshow_previous slideshow_transparent\" role=\"button\" data-previous-text=\"Zur\u00fcck\" style=\"display: none;\"><\/div>\r\n\t\t<div class=\"slideshow_button slideshow_next slideshow_transparent\" role=\"button\" data-next-text=\"N\u00e4chstes\" style=\"display: none;\"><\/div>\r\n\r\n\t\t<div class=\"slideshow_pagination\" style=\"display: none;\" data-go-to-text=\"Gehe zum Bild\"><div class=\"slideshow_pagination_center\"><\/div><\/div>\r\n\r\n\t\t<!-- WordPress Slideshow Version 2.3.1 -->\r\n\r\n\t\t\t<\/div>\r\n\r\n\n","protected":false},"excerpt":{"rendered":"<p>Mit der Notfall-Informations- und Nachrichten-App des Bundes, kurz Warn-App NINA, k\u00f6nnen Sie wichtige Warnmeldungen des Bev\u00f6lkerungsschutzes f\u00fcr unterschiedliche Gefahrenlagen wie zum Beispiel Gefahrstoffausbreitung oder einem Gro\u00dfbrand erhalten. Optional auch f\u00fcr Ihren aktuellen Standort. Wetterwarnungen des Deutschen Wetterdienstes und Hochwasserinformationen der zust\u00e4ndigen Stellen der Bundesl\u00e4nder sind ebenfalls in die Warn-App integriert. Technischer Ausgangspunkt f\u00fcr NINA ist &hellip; <a href=\"https:\/\/www.feuerwehrdelingsdorf.de\/?page_id=752\" class=\"more-link\"><span class=\"screen-reader-text\">Warn-App NINA<\/span> weiterlesen <span class=\"meta-nav\">&rarr;<\/span><\/a><\/p>\n","protected":false},"author":1,"featured_media":768,"parent":46,"menu_order":10,"comment_status":"closed","ping_status":"closed","template":"","meta":{"footnotes":""},"class_list":["post-752","page","type-page","status-publish","has-post-thumbnail","hentry"],"jetpack_sharing_enabled":true,"_links":{"self":[{"href":"https:\/\/www.feuerwehrdelingsdorf.de\/index.php?rest_route=\/wp\/v2\/pages\/752","targetHints":{"allow":["GET"]}}],"collection":[{"href":"https:\/\/www.feuerwehrdelingsdorf.de\/index.php?rest_route=\/wp\/v2\/pages"}],"about":[{"href":"https:\/\/www.feuerwehrdelingsdorf.de\/index.php?rest_route=\/wp\/v2\/types\/page"}],"author":[{"embeddable":true,"href":"https:\/\/www.feuerwehrdelingsdorf.de\/index.php?rest_route=\/wp\/v2\/users\/1"}],"replies":[{"embeddable":true,"href":"https:\/\/www.feuerwehrdelingsdorf.de\/index.php?rest_route=%2Fwp%2Fv2%2Fcomments&post=752"}],"version-history":[{"count":12,"href":"https:\/\/www.feuerwehrdelingsdorf.de\/index.php?rest_route=\/wp\/v2\/pages\/752\/revisions"}],"predecessor-version":[{"id":780,"href":"https:\/\/www.feuerwehrdelingsdorf.de\/index.php?rest_route=\/wp\/v2\/pages\/752\/revisions\/780"}],"up":[{"embeddable":true,"href":"https:\/\/www.feuerwehrdelingsdorf.de\/index.php?rest_route=\/wp\/v2\/pages\/46"}],"wp:featuredmedia":[{"embeddable":true,"href":"https:\/\/www.feuerwehrdelingsdorf.de\/index.php?rest_route=\/wp\/v2\/media\/768"}],"wp:attachment":[{"href":"https:\/\/www.feuerwehrdelingsdorf.de\/index.php?rest_route=%2Fwp%2Fv2%2Fmedia&parent=752"}],"curies":[{"name":"wp","href":"https:\/\/api.w.org\/{rel}","templated":true}]}}