{"id":96,"date":"2017-06-02T18:05:25","date_gmt":"2017-06-02T16:05:25","guid":{"rendered":"http:\/\/10.0.1.130\/freiwillige-feuerwehr-delingsdorf\/?page_id=96"},"modified":"2018-04-06T15:12:38","modified_gmt":"2018-04-06T13:12:38","slug":"einsatzabteilung","status":"publish","type":"page","link":"https:\/\/www.feuerwehrdelingsdorf.de\/?page_id=96","title":{"rendered":"Einsatzabteilung"},"content":{"rendered":"<hr>\n<p>Wir m\u00f6chten ihnen auf diesen Seiten mehr \u00fcber unsere kleine Feuerwehr Erz\u00e4hlen. Vielleicht finden Sie etwas \u00fcber uns, was Sie noch nicht kannten. <\/p>\n<p>Zum Beispiel:<\/p>\n<p>\u2022\tWann und Wie kam es zur Gr\u00fcndung der Wehr?<br \/>\n\u2022\tWann war der erste Alarm f\u00fcr die Feuerwehr Delingsdorf?<br \/>\n\u2022\tWelche ehemalige Einsatzfahrzeuge gibt es?<br \/>\n\u2022\tWie war das noch mit der Fahrzeugentf\u00fchrung?<br \/>\n\u2022\tWelche Gro\u00dfeins\u00e4tze gab es in Delingsdorf?<\/p>\n","protected":false},"excerpt":{"rendered":"<p>Wir m\u00f6chten ihnen auf diesen Seiten mehr \u00fcber unsere kleine Feuerwehr Erz\u00e4hlen. Vielleicht finden Sie etwas \u00fcber uns, was Sie noch nicht kannten. Zum Beispiel: \u2022 Wann und Wie kam es zur Gr\u00fcndung der Wehr? \u2022 Wann war der erste Alarm f\u00fcr die Feuerwehr Delingsdorf? \u2022 Welche ehemalige Einsatzfahrzeuge gibt es? \u2022 Wie war das &hellip; <a href=\"https:\/\/www.feuerwehrdelingsdorf.de\/?page_id=96\" class=\"more-link\"><span class=\"screen-reader-text\">Einsatzabteilung<\/span> weiterlesen <span class=\"meta-nav\">&rarr;<\/span><\/a><\/p>\n","protected":false},"author":1,"featured_media":242,"parent":0,"menu_order":3,"comment_status":"closed","ping_status":"closed","template":"","meta":{"footnotes":""},"class_list":["post-96","page","type-page","status-publish","has-post-thumbnail","hentry"],"jetpack_sharing_enabled":true,"_links":{"self":[{"href":"https:\/\/www.feuerwehrdelingsdorf.de\/index.php?rest_route=\/wp\/v2\/pages\/96","targetHints":{"allow":["GET"]}}],"collection":[{"href":"https:\/\/www.feuerwehrdelingsdorf.de\/index.php?rest_route=\/wp\/v2\/pages"}],"about":[{"href":"https:\/\/www.feuerwehrdelingsdorf.de\/index.php?rest_route=\/wp\/v2\/types\/page"}],"author":[{"embeddable":true,"href":"https:\/\/www.feuerwehrdelingsdorf.de\/index.php?rest_route=\/wp\/v2\/users\/1"}],"replies":[{"embeddable":true,"href":"https:\/\/www.feuerwehrdelingsdorf.de\/index.php?rest_route=%2Fwp%2Fv2%2Fcomments&post=96"}],"version-history":[{"count":10,"href":"https:\/\/www.feuerwehrdelingsdorf.de\/index.php?rest_route=\/wp\/v2\/pages\/96\/revisions"}],"predecessor-version":[{"id":820,"href":"https:\/\/www.feuerwehrdelingsdorf.de\/index.php?rest_route=\/wp\/v2\/pages\/96\/revisions\/820"}],"wp:featuredmedia":[{"embeddable":true,"href":"https:\/\/www.feuerwehrdelingsdorf.de\/index.php?rest_route=\/wp\/v2\/media\/242"}],"wp:attachment":[{"href":"https:\/\/www.feuerwehrdelingsdorf.de\/index.php?rest_route=%2Fwp%2Fv2%2Fmedia&parent=96"}],"curies":[{"name":"wp","href":"https:\/\/api.w.org\/{rel}","templated":true}]}}